{"id":24,"date":"2023-08-04T07:01:00","date_gmt":"2023-08-04T05:01:00","guid":{"rendered":"http:\/\/kovorealwien.at\/sk-stahlbau\/?page_id=24"},"modified":"2023-08-04T07:01:02","modified_gmt":"2023-08-04T05:01:02","slug":"ueber-uns","status":"publish","type":"page","link":"https:\/\/kovorealwien.at\/sk-stahlbau\/","title":{"rendered":"\u00dcber uns"},"content":{"rendered":"\n<h1 class=\"wp-block-heading\"><strong>Firmenpr\u00e4sentation<\/strong><\/h1>\n\n\n\n<p>Wir sind ein Metall- und Maschinenbaubetrieb mit Firmenstandort in \u00d6sterreich.<\/p>\n\n\n\n<h2 class=\"wp-block-heading\"><strong>Handelsname:<\/strong><\/h2>\n\n\n\n<p>SK-Stahlbau GmbH<\/p>\n\n\n\n<h6 class=\"wp-block-heading\">Firmensitz:<\/h6>\n\n\n\n<p>Hosnedlgasse 35<br>1220 Wien<br>\u00d6sterreich<\/p>\n\n\n\n<h6 class=\"wp-block-heading\">Ident.-Nr. des Unternehmens:<\/h6>\n\n\n\n<p>FN 137562 y<\/p>\n\n\n\n<h6 class=\"wp-block-heading\">Firmengr\u00fcndung:<\/h6>\n\n\n\n<p>10.09.1935<\/p>\n\n\n\n<h6 class=\"wp-block-heading\">Rechtsform:<\/h6>\n\n\n\n<p>Gesellschaft mit beschr\u00e4nkter Haftung<\/p>\n\n\n\n<h6 class=\"wp-block-heading\">Zust\u00e4ndiges Magistratisches Bezirksamt als Aufsichtsbeh\u00f6rde:<\/h6>\n\n\n\n<p>Magistratische Bezirksamt f\u00fcr den 22. Bezirk, Dr.-Adolf-Sch\u00e4rf-Platz 8, 1220 Wien<\/p>\n\n\n\n<h6 class=\"wp-block-heading\">Zust\u00e4ndig f\u00fcr Gewerbeangelegenheiten:<\/h6>\n\n\n\n<p>Magistratsabteilung 63, Wipplingerstra\u00dfe 8, 1010 Wien<\/p>\n\n\n\n<h6 class=\"wp-block-heading\">Zust\u00e4ndige Innung:<\/h6>\n\n\n\n<p>LI Metalltechniker<\/p>\n\n\n\n<p>\u2014\u2014\u2014\u2014\u2014\u2014\u2014\u2014\u2014\u2014\u2014\u2014\u2014\u2014\u2014\u2013<\/p>\n\n\n\n<p><strong>Handelsrechtlicher Gesch\u00e4ftsf\u00fchrer:<\/strong>\u00a0Johann Mehlstaub \/ Johannes Schmid<br><strong>Gewerberechtlicher Gesch\u00e4ftsf\u00fchrer:<\/strong>\u00a0Johann Mehlstaub \/ Johannes Schmid<\/p>\n\n\n\n<h2 class=\"wp-block-heading\"><strong>Bef\u00e4higung des Unternehmens<\/strong><\/h2>\n\n\n\n<p>Herstellung, Lieferung und Montage aller Art von Stahl- und Metallwaren.<br>Konstruktionen, Maschinenbau Einzelteil- und Maschinenbaukomponenten sowie Herstellung.<\/p>\n\n\n\n<p><strong>Gewerke:<\/strong> Metalltechnik f\u00fcr Stahl und Maschinenbau, Mechatronik f\u00fcr Maschinen und Fertigungstechnik, Platten und Fliesenleger (Handwerk)<\/p>\n\n\n\n<ul class=\"wp-block-list\"><li>Schlosserei<\/li><li>Montage von Metall- und Stahlkonstruktionen<\/li><li>Kauf von Waren zum Zweck des Weiterverkaufs an den Endverbraucher&nbsp; (Kleinhandel) im Umfang des freien Gewerbes<\/li><li>Kauf von Waren zum Zweck des Weiterverkaufs an andere Gewerbetreibende (Gro\u00dfhandel) im Umfang des freien Gewerbes<\/li><li>Vermietung beweglicher Sachen<\/li><\/ul>\n\n\n\n<h2 class=\"wp-block-heading\"><strong>Zertifizierung, Fremd\u00fcberwachung und Nachweise<\/strong><\/h2>\n\n\n\n<ol class=\"wp-block-list\"><li><strong>ANK\u00d6 F\u00fchrungsbest\u00e4tigung Nr. 47471<\/strong><\/li><li><strong>Zertifizierter Fachbetrieb f\u00fcr Bau von Feuerschutzabschl\u00fcssen \u2013 Drehfl\u00fcgelt\u00fcren und \u2013toren sowie Pendelt\u00fcren<\/strong><br>Ein- und zweifl\u00fcgelige Ausf\u00fchrung<br>nach Norm B3850 bzw. \u00d6NORM EN 13501-2<br>\u00dcberwacht: IBS \u2013 Institut f\u00fcr Brandschutztechnik und<br>Sicherheitsforschung Gesellschaft m.b.H,<br>akkreditierte Pr\u00fcf-, Inspektions- und Zertifizierungsstelle, Linz<\/li><li><strong>Zertifizierter Fachbetrieb f\u00fcr Bau von Fenster und T\u00fcren<\/strong><br>lt. Produktnorm und Leistungseigenschaften EN 14351-1<br>\u00dcberwacht: IBS \u2013 Institut f\u00fcr Brandschutztechnik und<br>Sicherheitsforschung Gesellschaft m.b.H,<br>akkreditierte Pr\u00fcf-, Inspektions- und Zertifizierungsstelle, Linz<\/li><li><strong>Zertifizierter Schwei\u00dffachbetrieb nach EN 1090-1<\/strong><br>f\u00fcr Art und Ausf\u00fchrungsklassen von Tragwerken und Bauteilen aus Stahl und Aluminium<br>bis EXC3 nach 1090-2<br>bis EXC3 nach 1090-3<br>\u00dcberwacht: T\u00dcV S\u00dcD SZA \u00d6sterreich, Technische Pr\u00fcf-GmbH, Wien<br>Schwei\u00dfaufsicht und Beratung IWE Ing. Herbert Fuhrmann<\/li><\/ol>\n\n\n\n<p><\/p>\n","protected":false},"excerpt":{"rendered":"<p>Firmenpr\u00e4sentation Wir sind ein Metall- und Maschinenbaubetrieb mit Firmenstandort in \u00d6sterreich. Handelsname: SK-Stahlbau GmbH Firmensitz: Hosnedlgasse 351220 Wien\u00d6sterreich Ident.-Nr. des Unternehmens: FN 137562 y Firmengr\u00fcndung: 10.09.1935 Rechtsform: Gesellschaft mit beschr\u00e4nkter Haftung Zust\u00e4ndiges Magistratisches Bezirksamt als Aufsichtsbeh\u00f6rde: Magistratische Bezirksamt f\u00fcr den 22. Bezirk, Dr.-Adolf-Sch\u00e4rf-Platz 8, 1220 Wien Zust\u00e4ndig f\u00fcr Gewerbeangelegenheiten: Magistratsabteilung 63, Wipplingerstra\u00dfe 8, 1010 Wien Zust\u00e4ndige Innung: LI Metalltechniker \u2014\u2014\u2014\u2014\u2014\u2014\u2014\u2014\u2014\u2014\u2014\u2014\u2014\u2014\u2014\u2013 Handelsrechtlicher Gesch\u00e4ftsf\u00fchrer:\u00a0Johann Mehlstaub \/ Johannes SchmidGewerberechtlicher Gesch\u00e4ftsf\u00fchrer:\u00a0Johann Mehlstaub \/ Johannes Schmid Bef\u00e4higung des Unternehmens Herstellung, Lieferung und Montage aller Art von Stahl- und Metallwaren.Konstruktionen, Maschinenbau Einzelteil- und Maschinenbaukomponenten sowie Herstellung. Gewerke: Metalltechnik f\u00fcr Stahl und Maschinenbau, Mechatronik f\u00fcr Maschinen und Fertigungstechnik, Platten und Fliesenleger (Handwerk) Schlosserei Montage von Metall- und Stahlkonstruktionen Kauf von Waren zum Zweck des Weiterverkaufs an den Endverbraucher&nbsp; (Kleinhandel) im Umfang des freien Gewerbes Kauf von Waren zum Zweck des Weiterverkaufs an andere Gewerbetreibende (Gro\u00dfhandel) im Umfang des freien Gewerbes Vermietung beweglicher Sachen Zertifizierung, Fremd\u00fcberwachung und Nachweise&hellip;<\/p>\n<p> <a class=\"more-link\" href=\"https:\/\/kovorealwien.at\/sk-stahlbau\/\">Weiterlesen<\/a><\/p>\n","protected":false},"author":3,"featured_media":0,"parent":0,"menu_order":0,"comment_status":"closed","ping_status":"closed","template":"","meta":{"footnotes":""},"class_list":["post-24","page","type-page","status-publish"],"_links":{"self":[{"href":"https:\/\/kovorealwien.at\/sk-stahlbau\/wp-json\/wp\/v2\/pages\/24","targetHints":{"allow":["GET"]}}],"collection":[{"href":"https:\/\/kovorealwien.at\/sk-stahlbau\/wp-json\/wp\/v2\/pages"}],"about":[{"href":"https:\/\/kovorealwien.at\/sk-stahlbau\/wp-json\/wp\/v2\/types\/page"}],"author":[{"embeddable":true,"href":"https:\/\/kovorealwien.at\/sk-stahlbau\/wp-json\/wp\/v2\/users\/3"}],"replies":[{"embeddable":true,"href":"https:\/\/kovorealwien.at\/sk-stahlbau\/wp-json\/wp\/v2\/comments?post=24"}],"version-history":[{"count":9,"href":"https:\/\/kovorealwien.at\/sk-stahlbau\/wp-json\/wp\/v2\/pages\/24\/revisions"}],"predecessor-version":[{"id":270,"href":"https:\/\/kovorealwien.at\/sk-stahlbau\/wp-json\/wp\/v2\/pages\/24\/revisions\/270"}],"wp:attachment":[{"href":"https:\/\/kovorealwien.at\/sk-stahlbau\/wp-json\/wp\/v2\/media?parent=24"}],"curies":[{"name":"wp","href":"https:\/\/api.w.org\/{rel}","templated":true}]}}