{"id":84,"date":"2020-04-10T22:09:16","date_gmt":"2020-04-10T20:09:16","guid":{"rendered":"http:\/\/kovorealwien.at\/sk-stahlbau\/?page_id=84"},"modified":"2020-04-20T15:34:01","modified_gmt":"2020-04-20T13:34:01","slug":"portale","status":"publish","type":"page","link":"https:\/\/kovorealwien.at\/sk-stahlbau\/produkte\/portale\/","title":{"rendered":"Portale"},"content":{"rendered":"\n<h1 class=\"wp-block-heading\">Portale<\/h1>\n\n\n\n<p><strong>Ma\u00dfgeschneiderte Stahl Portale mit Brandschutz, Rauchabschluss und Flucht Qualifikationen.<\/strong><\/p>\n\n\n\n<p><strong>Typen:<\/strong> Ein- und zweifl\u00fcgelige T\u00fcren mit bzw. ohne Seitenteile \/ Oberlichte oder Rundbogen einw\u00e4rts und ausw\u00e4rts \u00f6ffnend verblecht und verglaste T\u00fcren mit oder ohne Glasausschnitte.<\/p>\n\n\n\n<p><strong>Material:<\/strong> <br>Stahl Pulverbeschichtet RAL nach Wahl<br>Rostfreie-St\u00e4hle Poliert\/geschliffen<br>(Au\u00dfent\u00fcren Rostfrei: Pulverbeschichtet)<\/p>\n\n\n\n<p><strong>Profile:<\/strong> Jansen<\/p>\n\n\n\n<p><strong>Brandschutz:<\/strong> Bis EI2 90-C<\/p>\n\n\n\n<p><strong>Rauchabschluss:<\/strong> SM<\/p>\n\n\n\n<p><strong>Fluchtt\u00fcren: <\/strong>DIN EN 179 (mit Dr\u00fccker)                                                                      DIN EN 1125 (mit Push-Bar)<\/p>\n\n\n\n<p> <strong>Beschl\u00e4ge:<\/strong> nach Wunsch, vorausgesetzt der Eignung f\u00fcr Brand, Flucht, bzw. Rauchabschluss falls erforderlich.<\/p>\n\n\n\n<p><strong>Anwendung:<\/strong> Schlagregendicht bis 5A, Einbruchhemmend bis RC 3, Luftdurchl\u00e4ssigkeit bis Klasse 4, Durchschusshemend FB 4-6 S\/NS, Mechanische Festigkeit bis Klasse 4, Widerstand Windlast bis Klasse C5, Schallschutz bis Rw 45 db.<\/p>\n\n\n\n<p><strong>Glas:<\/strong> je nach Anforderung des Brandschutzes, Rauchabschlusses oder der Fluchtfunktion auch foliiert, emailliert oder get\u00f6nt erh\u00e4ltlich.<\/p>\n\n\n\n<p><strong>W\u00e4rmeschutz:<\/strong> je nach Profilart bis UD 1.0 W\/m2K<\/p>\n\n\n\n<p><strong>T\u00fcrschlie\u00dfer:<\/strong> ASSA &#8211; ABLOY<\/p>\n\n\n\n<p><strong>Mechanische T\u00fcrschlie\u00dfer:<\/strong> f\u00fcr ein- und zweifl\u00fcgelige Portale, mit Schlie\u00dffolgeregelung und elektrischer Feststellung integrierbar in die Brandmeldeanlage.<br><strong>Automatische T\u00fcrantriebe: <\/strong>mit Radarmelder, Key-Card, Schl\u00fcsselschalter, Taster oder \u00d6ffnersignal von Empfang, Portier usw.<\/p>\n","protected":false},"excerpt":{"rendered":"<p>Portale Ma\u00dfgeschneiderte Stahl Portale mit Brandschutz, Rauchabschluss und Flucht Qualifikationen. Typen: Ein- und zweifl\u00fcgelige T\u00fcren mit bzw. ohne Seitenteile \/ Oberlichte oder Rundbogen einw\u00e4rts und ausw\u00e4rts \u00f6ffnend verblecht und verglaste T\u00fcren mit oder ohne Glasausschnitte. Material: Stahl Pulverbeschichtet RAL nach WahlRostfreie-St\u00e4hle Poliert\/geschliffen(Au\u00dfent\u00fcren Rostfrei: Pulverbeschichtet) Profile: Jansen Brandschutz: Bis EI2 90-C Rauchabschluss: SM Fluchtt\u00fcren: DIN EN 179 (mit Dr\u00fccker) DIN EN 1125 (mit Push-Bar) Beschl\u00e4ge: nach Wunsch, vorausgesetzt der Eignung f\u00fcr Brand, Flucht, bzw. Rauchabschluss falls erforderlich. Anwendung: Schlagregendicht bis 5A, Einbruchhemmend bis RC 3, Luftdurchl\u00e4ssigkeit bis Klasse 4, Durchschusshemend FB 4-6 S\/NS, Mechanische Festigkeit bis Klasse 4, Widerstand Windlast bis Klasse C5, Schallschutz bis Rw 45 db. Glas: je nach Anforderung des Brandschutzes, Rauchabschlusses oder der Fluchtfunktion auch foliiert, emailliert oder get\u00f6nt erh\u00e4ltlich. W\u00e4rmeschutz: je nach Profilart bis UD 1.0 W\/m2K T\u00fcrschlie\u00dfer: ASSA &#8211; ABLOY Mechanische T\u00fcrschlie\u00dfer: f\u00fcr ein- und zweifl\u00fcgelige Portale, mit Schlie\u00dffolgeregelung und elektrischer Feststellung integrierbar in die&hellip;<\/p>\n<p> <a class=\"more-link\" href=\"https:\/\/kovorealwien.at\/sk-stahlbau\/produkte\/portale\/\">Weiterlesen<\/a><\/p>\n","protected":false},"author":3,"featured_media":0,"parent":33,"menu_order":0,"comment_status":"closed","ping_status":"closed","template":"","meta":{"footnotes":""},"class_list":["post-84","page","type-page","status-publish"],"_links":{"self":[{"href":"https:\/\/kovorealwien.at\/sk-stahlbau\/wp-json\/wp\/v2\/pages\/84","targetHints":{"allow":["GET"]}}],"collection":[{"href":"https:\/\/kovorealwien.at\/sk-stahlbau\/wp-json\/wp\/v2\/pages"}],"about":[{"href":"https:\/\/kovorealwien.at\/sk-stahlbau\/wp-json\/wp\/v2\/types\/page"}],"author":[{"embeddable":true,"href":"https:\/\/kovorealwien.at\/sk-stahlbau\/wp-json\/wp\/v2\/users\/3"}],"replies":[{"embeddable":true,"href":"https:\/\/kovorealwien.at\/sk-stahlbau\/wp-json\/wp\/v2\/comments?post=84"}],"version-history":[{"count":9,"href":"https:\/\/kovorealwien.at\/sk-stahlbau\/wp-json\/wp\/v2\/pages\/84\/revisions"}],"predecessor-version":[{"id":125,"href":"https:\/\/kovorealwien.at\/sk-stahlbau\/wp-json\/wp\/v2\/pages\/84\/revisions\/125"}],"up":[{"embeddable":true,"href":"https:\/\/kovorealwien.at\/sk-stahlbau\/wp-json\/wp\/v2\/pages\/33"}],"wp:attachment":[{"href":"https:\/\/kovorealwien.at\/sk-stahlbau\/wp-json\/wp\/v2\/media?parent=84"}],"curies":[{"name":"wp","href":"https:\/\/api.w.org\/{rel}","templated":true}]}}