{"id":94,"date":"2020-04-10T22:18:20","date_gmt":"2020-04-10T20:18:20","guid":{"rendered":"http:\/\/kovorealwien.at\/sk-stahlbau\/?page_id=94"},"modified":"2020-04-10T23:14:28","modified_gmt":"2020-04-10T21:14:28","slug":"tuerantriebstechnik","status":"publish","type":"page","link":"https:\/\/kovorealwien.at\/sk-stahlbau\/produkte\/tuerantriebstechnik\/","title":{"rendered":"T\u00fcrantriebstechnik"},"content":{"rendered":"\n<h1 class=\"wp-block-heading\">T\u00fcrantriebstechnik<\/h1>\n\n\n\n<ul class=\"wp-block-list\"><li>Dreht\u00fcren:<ul><li>Mechanisch: f\u00fcr 1 und 2 Fl\u00fcgelige T\u00fcren mit elektronischer Feststellung und Einbindung in die Brandmeldeanlage mit Schlie\u00dffolgeregelung geeignet f\u00fcr Brandschutz, Rauch und Fluchtt\u00fcren<\/li><\/ul><\/li><li>Automatik- Antriebe: f\u00fcr und 2. Fl\u00fcgelige T\u00fcren mit Radarmelder, Key-Card, Schl\u00fcsselschalter, Tasten, oder externer Ansteuerung.<br>Elegante Ansichten durch einsparen der Fingerschutzleisten durch anbringen von Flatscannern (decken den ganzen T\u00fcrfl\u00fcgel ab)<\/li><\/ul>\n\n\n\n<p>Schiebet\u00fcren: von Zart gerahmt \u00fcber ganzglas bis einbruchhemmend, Brandschutz und Fluchtfunktion.<\/p>\n","protected":false},"excerpt":{"rendered":"<p>T\u00fcrantriebstechnik Dreht\u00fcren: Mechanisch: f\u00fcr 1 und 2 Fl\u00fcgelige T\u00fcren mit elektronischer Feststellung und Einbindung in die Brandmeldeanlage mit Schlie\u00dffolgeregelung geeignet f\u00fcr Brandschutz, Rauch und Fluchtt\u00fcren Automatik- Antriebe: f\u00fcr und 2. Fl\u00fcgelige T\u00fcren mit Radarmelder, Key-Card, Schl\u00fcsselschalter, Tasten, oder externer Ansteuerung.Elegante Ansichten durch einsparen der Fingerschutzleisten durch anbringen von Flatscannern (decken den ganzen T\u00fcrfl\u00fcgel ab) Schiebet\u00fcren: von Zart gerahmt \u00fcber ganzglas bis einbruchhemmend, Brandschutz und Fluchtfunktion.<\/p>\n","protected":false},"author":3,"featured_media":0,"parent":33,"menu_order":0,"comment_status":"closed","ping_status":"closed","template":"","meta":{"footnotes":""},"class_list":["post-94","page","type-page","status-publish"],"_links":{"self":[{"href":"https:\/\/kovorealwien.at\/sk-stahlbau\/wp-json\/wp\/v2\/pages\/94","targetHints":{"allow":["GET"]}}],"collection":[{"href":"https:\/\/kovorealwien.at\/sk-stahlbau\/wp-json\/wp\/v2\/pages"}],"about":[{"href":"https:\/\/kovorealwien.at\/sk-stahlbau\/wp-json\/wp\/v2\/types\/page"}],"author":[{"embeddable":true,"href":"https:\/\/kovorealwien.at\/sk-stahlbau\/wp-json\/wp\/v2\/users\/3"}],"replies":[{"embeddable":true,"href":"https:\/\/kovorealwien.at\/sk-stahlbau\/wp-json\/wp\/v2\/comments?post=94"}],"version-history":[{"count":2,"href":"https:\/\/kovorealwien.at\/sk-stahlbau\/wp-json\/wp\/v2\/pages\/94\/revisions"}],"predecessor-version":[{"id":104,"href":"https:\/\/kovorealwien.at\/sk-stahlbau\/wp-json\/wp\/v2\/pages\/94\/revisions\/104"}],"up":[{"embeddable":true,"href":"https:\/\/kovorealwien.at\/sk-stahlbau\/wp-json\/wp\/v2\/pages\/33"}],"wp:attachment":[{"href":"https:\/\/kovorealwien.at\/sk-stahlbau\/wp-json\/wp\/v2\/media?parent=94"}],"curies":[{"name":"wp","href":"https:\/\/api.w.org\/{rel}","templated":true}]}}